{"id":52,"date":"2026-02-03T03:08:24","date_gmt":"2026-02-03T03:08:24","guid":{"rendered":"https:\/\/mojetablice.pl\/?page_id=52"},"modified":"2026-02-15T13:45:13","modified_gmt":"2026-02-15T13:45:13","slug":"strona-glowna","status":"publish","type":"page","link":"https:\/\/autotablice.pl\/","title":{"rendered":"Strona g\u0142\u00f3wna"},"content":{"rendered":"\t\t<div data-elementor-type=\"wp-page\" data-elementor-id=\"52\" class=\"elementor elementor-52\">\n\t\t\t\t<div class=\"elementor-element elementor-element-16b1dce e-flex e-con-boxed e-con e-parent\" data-id=\"16b1dce\" data-element_type=\"container\" data-e-type=\"container\">\n\t\t\t\t\t<div class=\"e-con-inner\">\n\t\t\t\t<div class=\"elementor-element elementor-element-a0ba917 elementor-widget elementor-widget-spacer\" data-id=\"a0ba917\" data-element_type=\"widget\" data-e-type=\"widget\" data-widget_type=\"spacer.default\">\n\t\t\t\t\t\t\t<div class=\"elementor-spacer\">\n\t\t\t<div class=\"elementor-spacer-inner\"><\/div>\n\t\t<\/div>\n\t\t\t\t\t\t<\/div>\n\t\t\t\t<div class=\"elementor-element elementor-element-22cd1d4 elementor-widget elementor-widget-heading\" data-id=\"22cd1d4\" data-element_type=\"widget\" data-e-type=\"widget\" data-widget_type=\"heading.default\">\n\t\t\t\t\t<h2 class=\"elementor-heading-title elementor-size-default\">Rejestracja pojazd\u00f3w bez kolejek i stresu<\/h2>\t\t\t\t<\/div>\n\t\t\t\t<div class=\"elementor-element elementor-element-94041fa elementor-widget elementor-widget-text-editor\" data-id=\"94041fa\" data-element_type=\"widget\" data-e-type=\"widget\" data-widget_type=\"text-editor.default\">\n\t\t\t\t\t\t\t\t\t<h4>My zajmiemy si\u0119 wszystkimi formalno\u015bciami za Ciebie. Ty oszcz\u0119dzasz czas, nerwy i pieni\u0105dze.<\/h4><h4>Bez wychodzenia z domu. Dojazd do klienta 24\/7.<\/h4><h4>Dzia\u0142amy na terenie Wroc\u0142awia i woj. dolno\u015bl\u0105skiego.<\/h4><h4>Do\u015bwiadczenie od 2006 roku!<\/h4>\t\t\t\t\t\t\t\t<\/div>\n\t\t<div class=\"elementor-element elementor-element-d892ef9 e-con-full e-flex e-con e-child\" data-id=\"d892ef9\" data-element_type=\"container\" data-e-type=\"container\">\n\t\t\t\t<div class=\"elementor-element elementor-element-8a8a40f elementor-widget elementor-widget-text-editor\" data-id=\"8a8a40f\" data-element_type=\"widget\" data-e-type=\"widget\" data-widget_type=\"text-editor.default\">\n\t\t\t\t\t\t\t\t\t<h2><strong>\u260e\ufe0f<\/strong><strong> +48 724 748 663\u00a0<\/strong><\/h2><h2><strong><span class=\"html-span xexx8yu xyri2b x18d9i69 x1c1uobl x1hl2dhg x16tdsg8 x1vvkbs x3nfvp2 x1j61x8r x1fcty0u xdj266r xat24cr xm2jcoa x1mpyi22 xxymvpz xlup9mm x1kky2od\">\u2709\ufe0f<\/span> kontakt@autotablice.pl<\/strong><\/h2>\t\t\t\t\t\t\t\t<\/div>\n\t\t\t\t<\/div>\n\t\t\t\t<div class=\"elementor-element elementor-element-579ba32 elementor-widget__width-auto elementor-widget elementor-widget-text-editor\" data-id=\"579ba32\" data-element_type=\"widget\" data-e-type=\"widget\" data-widget_type=\"text-editor.default\">\n\t\t\t\t\t\t\t\t\t<h5><strong>Samochody nowe i u\u017cywane<\/strong><\/h5><h5><strong>Zakupione w kraju lub za granic\u0105<\/strong><\/h5><h5><strong>Klienci indywidualni<\/strong><\/h5><h5><strong>Firmy i floty samochodowe<\/strong><\/h5><h5><strong>Kompleksowa obs\u0142uga od A do Z<\/strong><\/h5><h5><strong>Ubezpieczenia<\/strong><\/h5><h5><strong>T\u0142umaczenia<\/strong><\/h5><h5><strong>Akcyza<\/strong><\/h5><h5><strong>Urz\u0105d Celny<\/strong><\/h5><h5><strong>Urz\u0105d Skarbowy<\/strong><\/h5>\t\t\t\t\t\t\t\t<\/div>\n\t\t\t\t<div class=\"elementor-element elementor-element-5d39243 elementor-align-center elementor-widget elementor-widget-button\" data-id=\"5d39243\" data-element_type=\"widget\" data-e-type=\"widget\" data-widget_type=\"button.default\">\n\t\t\t\t\t\t\t\t\t\t<a class=\"elementor-button elementor-button-link elementor-size-sm\" href=\"https:\/\/autotablice.pl\/?page_id=56\">\n\t\t\t\t\t\t<span class=\"elementor-button-content-wrapper\">\n\t\t\t\t\t\t\t\t\t<span class=\"elementor-button-text\">Skontaktuj si\u0119 z nami<\/span>\n\t\t\t\t\t<\/span>\n\t\t\t\t\t<\/a>\n\t\t\t\t\t\t\t\t<\/div>\n\t\t\t\t\t<\/div>\n\t\t\t\t<\/div>\n\t\t\t\t<\/div>\n\t\t","protected":false},"excerpt":{"rendered":"<p>Rejestracja pojazd\u00f3w bez kolejek i stresu My zajmiemy si\u0119 wszystkimi formalno\u015bciami za Ciebie. Ty oszcz\u0119dzasz czas, nerwy i pieni\u0105dze. Bez wychodzenia z domu. Dojazd do klienta 24\/7. Dzia\u0142amy na terenie Wroc\u0142awia i woj. dolno\u015bl\u0105skiego. Do\u015bwiadczenie od 2006 roku! \u260e\ufe0f +48 724 748 663\u00a0 \u2709\ufe0f kontakt@autotablice.pl Samochody nowe i u\u017cywane Zakupione w kraju lub za granic\u0105 [&hellip;]<\/p>\n","protected":false},"author":1,"featured_media":0,"parent":0,"menu_order":0,"comment_status":"closed","ping_status":"closed","template":"","meta":{"footnotes":""},"class_list":["post-52","page","type-page","status-publish","hentry"],"_links":{"self":[{"href":"https:\/\/autotablice.pl\/index.php?rest_route=\/wp\/v2\/pages\/52","targetHints":{"allow":["GET"]}}],"collection":[{"href":"https:\/\/autotablice.pl\/index.php?rest_route=\/wp\/v2\/pages"}],"about":[{"href":"https:\/\/autotablice.pl\/index.php?rest_route=\/wp\/v2\/types\/page"}],"author":[{"embeddable":true,"href":"https:\/\/autotablice.pl\/index.php?rest_route=\/wp\/v2\/users\/1"}],"replies":[{"embeddable":true,"href":"https:\/\/autotablice.pl\/index.php?rest_route=%2Fwp%2Fv2%2Fcomments&post=52"}],"version-history":[{"count":25,"href":"https:\/\/autotablice.pl\/index.php?rest_route=\/wp\/v2\/pages\/52\/revisions"}],"predecessor-version":[{"id":161,"href":"https:\/\/autotablice.pl\/index.php?rest_route=\/wp\/v2\/pages\/52\/revisions\/161"}],"wp:attachment":[{"href":"https:\/\/autotablice.pl\/index.php?rest_route=%2Fwp%2Fv2%2Fmedia&parent=52"}],"curies":[{"name":"wp","href":"https:\/\/api.w.org\/{rel}","templated":true}]}}